{"id":1204,"date":"2023-02-15T13:54:42","date_gmt":"2023-02-15T13:54:42","guid":{"rendered":"https:\/\/integralia.cat\/declaracio-daccessibilitat\/"},"modified":"2023-02-20T13:37:41","modified_gmt":"2023-02-20T13:37:41","slug":"declaracio-daccessibilitat","status":"publish","type":"page","link":"https:\/\/integralia.cat\/ca\/declaracio-daccessibilitat\/","title":{"rendered":"Declaraci\u00f3 d&#8217;accessibilitat"},"content":{"rendered":"\t\t<div data-elementor-type=\"wp-page\" data-elementor-id=\"1204\" class=\"elementor elementor-1204 elementor-1165\">\n\t\t\t\t\t\t\t\t\t<section class=\"elementor-section elementor-top-section elementor-element elementor-element-30d6561 elementor-hidden-desktop elementor-hidden-tablet elementor-hidden-mobile elementor-section-boxed elementor-section-height-default elementor-section-height-default\" data-id=\"30d6561\" data-element_type=\"section\" data-settings=\"{&quot;jet_parallax_layout_list&quot;:[]}\">\n\t\t\t\t\t\t<div class=\"elementor-container elementor-column-gap-default\">\n\t\t\t\t\t<div class=\"elementor-column elementor-col-100 elementor-top-column elementor-element elementor-element-4feb7c6\" data-id=\"4feb7c6\" data-element_type=\"column\">\n\t\t\t<div class=\"elementor-widget-wrap elementor-element-populated\">\n\t\t\t\t\t\t\t\t<div class=\"elementor-element elementor-element-296f9b8 elementor-widget elementor-widget-text-editor\" data-id=\"296f9b8\" data-element_type=\"widget\" data-widget_type=\"text-editor.default\">\n\t\t\t\t<div class=\"elementor-widget-container\">\n\t\t\t<style>\/*! elementor - v3.11.1 - 15-02-2023 *\/\n.elementor-widget-text-editor.elementor-drop-cap-view-stacked .elementor-drop-cap{background-color:#818a91;color:#fff}.elementor-widget-text-editor.elementor-drop-cap-view-framed .elementor-drop-cap{color:#818a91;border:3px solid;background-color:transparent}.elementor-widget-text-editor:not(.elementor-drop-cap-view-default) .elementor-drop-cap{margin-top:8px}.elementor-widget-text-editor:not(.elementor-drop-cap-view-default) .elementor-drop-cap-letter{width:1em;height:1em}.elementor-widget-text-editor .elementor-drop-cap{float:left;text-align:center;line-height:1;font-size:50px}.elementor-widget-text-editor .elementor-drop-cap-letter{display:inline-block}<\/style>\t\t\t\t<p>El Aviso legal<\/p>\n<p>Av\u00eds legal<\/p>\n<p>Consulta el Aviso legal<\/p>\n<p>Nuestro aviso legal<\/p>\n<p>Av\u00eds legal<\/p>\n\t\t\t\t\t\t<\/div>\n\t\t\t\t<\/div>\n\t\t\t\t<div class=\"elementor-element elementor-element-8933f6c elementor-widget elementor-widget-image\" data-id=\"8933f6c\" data-element_type=\"widget\" data-widget_type=\"image.default\">\n\t\t\t\t<div class=\"elementor-widget-container\">\n\t\t\t<style>\/*! elementor - v3.11.1 - 15-02-2023 *\/\n.elementor-widget-image{text-align:center}.elementor-widget-image a{display:inline-block}.elementor-widget-image a img[src$=\".svg\"]{width:48px}.elementor-widget-image img{vertical-align:middle;display:inline-block}<\/style>\t\t\t\t\t\t\t\t\t\t\t\t<img decoding=\"async\" width=\"150\" height=\"150\" src=\"https:\/\/integralia.cat\/wp-content\/uploads\/2023\/02\/legal-150x150.png\" class=\"attachment-thumbnail size-thumbnail wp-image-946\" alt=\"Aviso legal\" loading=\"lazy\" srcset=\"https:\/\/integralia.cat\/wp-content\/uploads\/2023\/02\/legal-150x150.png 150w, https:\/\/integralia.cat\/wp-content\/uploads\/2023\/02\/legal-300x300.png 300w, https:\/\/integralia.cat\/wp-content\/uploads\/2023\/02\/legal-500x500.png 500w, https:\/\/integralia.cat\/wp-content\/uploads\/2023\/02\/legal.png 512w\" sizes=\"(max-width: 150px) 100vw, 150px\" \/>\t\t\t\t\t\t\t\t\t\t\t\t\t\t\t<\/div>\n\t\t\t\t<\/div>\n\t\t\t\t\t<\/div>\n\t\t<\/div>\n\t\t\t\t\t\t\t<\/div>\n\t\t<\/section>\n\t\t\t\t<section class=\"elementor-section elementor-top-section elementor-element elementor-element-bcc0296 elementor-section-boxed elementor-section-height-default elementor-section-height-default\" data-id=\"bcc0296\" data-element_type=\"section\" data-settings=\"{&quot;jet_parallax_layout_list&quot;:[{&quot;jet_parallax_layout_image&quot;:{&quot;url&quot;:&quot;&quot;,&quot;id&quot;:&quot;&quot;,&quot;size&quot;:&quot;&quot;},&quot;_id&quot;:&quot;d5d19bc&quot;,&quot;jet_parallax_layout_speed&quot;:{&quot;unit&quot;:&quot;%&quot;,&quot;size&quot;:&quot;50&quot;,&quot;sizes&quot;:[]},&quot;jet_parallax_layout_bg_x&quot;:&quot;50&quot;,&quot;jet_parallax_layout_bg_y&quot;:&quot;50&quot;,&quot;jet_parallax_layout_image_tablet&quot;:{&quot;url&quot;:&quot;&quot;,&quot;id&quot;:&quot;&quot;,&quot;size&quot;:&quot;&quot;},&quot;jet_parallax_layout_image_mobile&quot;:{&quot;url&quot;:&quot;&quot;,&quot;id&quot;:&quot;&quot;,&quot;size&quot;:&quot;&quot;},&quot;jet_parallax_layout_type&quot;:&quot;scroll&quot;,&quot;jet_parallax_layout_direction&quot;:null,&quot;jet_parallax_layout_fx_direction&quot;:null,&quot;jet_parallax_layout_z_index&quot;:&quot;&quot;,&quot;jet_parallax_layout_bg_x_tablet&quot;:&quot;&quot;,&quot;jet_parallax_layout_bg_x_mobile&quot;:&quot;&quot;,&quot;jet_parallax_layout_bg_y_tablet&quot;:&quot;&quot;,&quot;jet_parallax_layout_bg_y_mobile&quot;:&quot;&quot;,&quot;jet_parallax_layout_bg_size&quot;:&quot;auto&quot;,&quot;jet_parallax_layout_bg_size_tablet&quot;:&quot;&quot;,&quot;jet_parallax_layout_bg_size_mobile&quot;:&quot;&quot;,&quot;jet_parallax_layout_animation_prop&quot;:&quot;transform&quot;,&quot;jet_parallax_layout_on&quot;:[&quot;desktop&quot;,&quot;tablet&quot;]}]}\">\n\t\t\t\t\t\t<div class=\"elementor-container elementor-column-gap-default\">\n\t\t\t\t\t<div class=\"elementor-column elementor-col-100 elementor-top-column elementor-element elementor-element-7886042\" data-id=\"7886042\" data-element_type=\"column\">\n\t\t\t<div class=\"elementor-widget-wrap elementor-element-populated\">\n\t\t\t\t\t\t\t\t<div class=\"elementor-element elementor-element-5416488 elementor-widget elementor-widget-heading\" data-id=\"5416488\" data-element_type=\"widget\" data-widget_type=\"heading.default\">\n\t\t\t\t<div class=\"elementor-widget-container\">\n\t\t\t<style>\/*! elementor - v3.11.1 - 15-02-2023 *\/\n.elementor-heading-title{padding:0;margin:0;line-height:1}.elementor-widget-heading .elementor-heading-title[class*=elementor-size-]>a{color:inherit;font-size:inherit;line-height:inherit}.elementor-widget-heading .elementor-heading-title.elementor-size-small{font-size:15px}.elementor-widget-heading .elementor-heading-title.elementor-size-medium{font-size:19px}.elementor-widget-heading .elementor-heading-title.elementor-size-large{font-size:29px}.elementor-widget-heading .elementor-heading-title.elementor-size-xl{font-size:39px}.elementor-widget-heading .elementor-heading-title.elementor-size-xxl{font-size:59px}<\/style><h1 class=\"elementor-heading-title elementor-size-default\">Declaraci\u00f3 d'accessibilitat<\/h1>\t\t<\/div>\n\t\t\t\t<\/div>\n\t\t\t\t<div class=\"elementor-element elementor-element-15f4b48 elementor-widget elementor-widget-spacer\" data-id=\"15f4b48\" data-element_type=\"widget\" data-widget_type=\"spacer.default\">\n\t\t\t\t<div class=\"elementor-widget-container\">\n\t\t\t<style>\/*! elementor - v3.11.1 - 15-02-2023 *\/\n.elementor-column .elementor-spacer-inner{height:var(--spacer-size)}.e-con{--container-widget-width:100%}.e-con-inner>.elementor-widget-spacer,.e-con>.elementor-widget-spacer{width:var(--container-widget-width,var(--spacer-size));--align-self:var(--container-widget-align-self,initial);--flex-shrink:0}.e-con-inner>.elementor-widget-spacer>.elementor-widget-container,.e-con-inner>.elementor-widget-spacer>.elementor-widget-container>.elementor-spacer,.e-con>.elementor-widget-spacer>.elementor-widget-container,.e-con>.elementor-widget-spacer>.elementor-widget-container>.elementor-spacer{height:100%}.e-con-inner>.elementor-widget-spacer>.elementor-widget-container>.elementor-spacer>.elementor-spacer-inner,.e-con>.elementor-widget-spacer>.elementor-widget-container>.elementor-spacer>.elementor-spacer-inner{height:var(--container-widget-height,var(--spacer-size))}<\/style>\t\t<div class=\"elementor-spacer\">\n\t\t\t<div class=\"elementor-spacer-inner\"><\/div>\n\t\t<\/div>\n\t\t\t\t<\/div>\n\t\t\t\t<\/div>\n\t\t\t\t<div class=\"elementor-element elementor-element-e850a0e elementor-widget elementor-widget-text-editor\" data-id=\"e850a0e\" data-element_type=\"widget\" data-widget_type=\"text-editor.default\">\n\t\t\t\t<div class=\"elementor-widget-container\">\n\t\t\t\t\t\t\t<p>Volem que tothom que visiti la web de Integralia se senti benvingut i trobi l&#8217;experi\u00e8ncia gratificant.<\/p>\n<p>Qu\u00e8 estem fent?<br \/>Per a ajudar-nos a fer de la web de Integralia un lloc positiu per a tots, hem estat utilitzant les Directrius d&#8217;accessibilitat al contingut web (WCAG) 2.1. Aquestes directrius expliquen com fer que el contingut web sigui m\u00e9s accessible per a persones amb discapacitat i f\u00e0cil d&#8217;utilitzar per a tots.<\/p>\n<p>Les directrius tenen tres nivells d&#8217;accessibilitat (A, AA i AAA). Hem triat el nivell AA com a objectiu de la web de Integralia.<\/p>\n<p>Com ho fem?<br \/>Hem treballat molt en la web de Integralia i creiem que hem aconseguit el nostre objectiu d&#8217;accessibilitat de nivell AA. Supervisem el lloc web peri\u00f2dicament per a mantenir-lo, per\u00f2 si troba algun problema, posi&#8217;s en contacte.<\/p>\n<p>Faci&#8217;ns saber qu\u00e8 li sembla<br \/>Si li ha agradat utilitzar la web de Integralia, o si ha tingut problemes amb alguna part d&#8217;ella, posi&#8217;s en contacte. Ens agradaria rebre not\u00edcies seves de qualsevol de les seg\u00fcents formes:<\/p>\n<p>envia&#8217;ns un correu electr\u00f2nic a info@matarogroc.com<br \/>telefona&#8217;ns al 937903615<br \/>posa&#8217;t en contacte en https:\/\/www.integralia.cat\/ca\/contacte<\/p>\n\t\t\t\t\t\t<\/div>\n\t\t\t\t<\/div>\n\t\t\t\t\t<\/div>\n\t\t<\/div>\n\t\t\t\t\t\t\t<\/div>\n\t\t<\/section>\n\t\t\t\t\t\t\t<\/div>\n\t\t","protected":false},"excerpt":{"rendered":"<p>El Aviso legal Av\u00eds legal Consulta el Aviso legal Nuestro aviso legal Av\u00eds legal Declaraci\u00f3 d&#8217;accessibilitat Volem que tothom que visiti la web de Integralia se senti benvingut i trobi l&#8217;experi\u00e8ncia gratificant. Qu\u00e8 estem fent?Per a ajudar-nos a fer de la web de Integralia un lloc positiu per a tots, hem estat utilitzant les Directrius [&hellip;]<\/p>\n","protected":false},"author":1,"featured_media":0,"parent":0,"menu_order":0,"comment_status":"closed","ping_status":"closed","template":"elementor_header_footer","meta":[],"acf":[],"yoast_head":"<!-- This site is optimized with the Yoast SEO plugin v20.1 - https:\/\/yoast.com\/wordpress\/plugins\/seo\/ -->\n<title>Av\u00eds legal<\/title>\n<meta name=\"description\" content=\"Av\u00eds legal del lloc web integralia.cat. Empresa de reformes de cuines i banys, instal\u00b7lacions v\u00e0ries i plaques solars\" \/>\n<meta name=\"robots\" content=\"index, follow, max-snippet:-1, max-image-preview:large, max-video-preview:-1\" \/>\n<link rel=\"canonical\" href=\"https:\/\/integralia.cat\/ca\/declaracio-daccessibilitat\/\" \/>\n<meta property=\"og:locale\" content=\"ca_ES\" \/>\n<meta property=\"og:type\" content=\"article\" \/>\n<meta property=\"og:title\" content=\"Av\u00eds legal\" \/>\n<meta property=\"og:description\" content=\"Av\u00eds legal del lloc web integralia.cat. Empresa de reformes de cuines i banys, instal\u00b7lacions v\u00e0ries i plaques solars\" \/>\n<meta property=\"og:url\" content=\"https:\/\/integralia.cat\/ca\/declaracio-daccessibilitat\/\" \/>\n<meta property=\"og:site_name\" content=\"Integralia\" \/>\n<meta property=\"article:modified_time\" content=\"2023-02-20T13:37:41+00:00\" \/>\n<meta property=\"og:image\" content=\"https:\/\/integralia.cat\/wp-content\/uploads\/2023\/02\/legal-150x150.png\" \/>\n<meta name=\"twitter:card\" content=\"summary_large_image\" \/>\n<meta name=\"twitter:label1\" content=\"Temps estimat de lectura\" \/>\n\t<meta name=\"twitter:data1\" content=\"1 minut\" \/>\n<script type=\"application\/ld+json\" class=\"yoast-schema-graph\">{\"@context\":\"https:\/\/schema.org\",\"@graph\":[{\"@type\":\"WebPage\",\"@id\":\"https:\/\/integralia.cat\/ca\/declaracio-daccessibilitat\/\",\"url\":\"https:\/\/integralia.cat\/ca\/declaracio-daccessibilitat\/\",\"name\":\"Av\u00eds legal\",\"isPartOf\":{\"@id\":\"https:\/\/integralia.cat\/ca\/#website\"},\"datePublished\":\"2023-02-15T13:54:42+00:00\",\"dateModified\":\"2023-02-20T13:37:41+00:00\",\"description\":\"Av\u00eds legal del lloc web integralia.cat. Empresa de reformes de cuines i banys, instal\u00b7lacions v\u00e0ries i plaques solars\",\"breadcrumb\":{\"@id\":\"https:\/\/integralia.cat\/ca\/declaracio-daccessibilitat\/#breadcrumb\"},\"inLanguage\":\"ca\",\"potentialAction\":[{\"@type\":\"ReadAction\",\"target\":[\"https:\/\/integralia.cat\/ca\/declaracio-daccessibilitat\/\"]}]},{\"@type\":\"BreadcrumbList\",\"@id\":\"https:\/\/integralia.cat\/ca\/declaracio-daccessibilitat\/#breadcrumb\",\"itemListElement\":[{\"@type\":\"ListItem\",\"position\":1,\"name\":\"Portada\",\"item\":\"https:\/\/integralia.cat\/ca\/\"},{\"@type\":\"ListItem\",\"position\":2,\"name\":\"Declaraci\u00f3 d&#8217;accessibilitat\"}]},{\"@type\":\"WebSite\",\"@id\":\"https:\/\/integralia.cat\/ca\/#website\",\"url\":\"https:\/\/integralia.cat\/ca\/\",\"name\":\"Integralia\",\"description\":\"\",\"publisher\":{\"@id\":\"https:\/\/integralia.cat\/ca\/#organization\"},\"alternateName\":\"Integralia\",\"potentialAction\":[{\"@type\":\"SearchAction\",\"target\":{\"@type\":\"EntryPoint\",\"urlTemplate\":\"https:\/\/integralia.cat\/ca\/?s={search_term_string}\"},\"query-input\":\"required name=search_term_string\"}],\"inLanguage\":\"ca\"},{\"@type\":\"Organization\",\"@id\":\"https:\/\/integralia.cat\/ca\/#organization\",\"name\":\"Integralia\",\"alternateName\":\"Integralia\",\"url\":\"https:\/\/integralia.cat\/ca\/\",\"logo\":{\"@type\":\"ImageObject\",\"inLanguage\":\"ca\",\"@id\":\"https:\/\/integralia.cat\/ca\/#\/schema\/logo\/image\/\",\"url\":\"https:\/\/integralia.cat\/wp-content\/uploads\/2023\/02\/logo3.png\",\"contentUrl\":\"https:\/\/integralia.cat\/wp-content\/uploads\/2023\/02\/logo3.png\",\"width\":285,\"height\":113,\"caption\":\"Integralia\"},\"image\":{\"@id\":\"https:\/\/integralia.cat\/ca\/#\/schema\/logo\/image\/\"}}]}<\/script>\n<!-- \/ Yoast SEO plugin. -->","yoast_head_json":{"title":"Av\u00eds legal","description":"Av\u00eds legal del lloc web integralia.cat. Empresa de reformes de cuines i banys, instal\u00b7lacions v\u00e0ries i plaques solars","robots":{"index":"index","follow":"follow","max-snippet":"max-snippet:-1","max-image-preview":"max-image-preview:large","max-video-preview":"max-video-preview:-1"},"canonical":"https:\/\/integralia.cat\/ca\/declaracio-daccessibilitat\/","og_locale":"ca_ES","og_type":"article","og_title":"Av\u00eds legal","og_description":"Av\u00eds legal del lloc web integralia.cat. Empresa de reformes de cuines i banys, instal\u00b7lacions v\u00e0ries i plaques solars","og_url":"https:\/\/integralia.cat\/ca\/declaracio-daccessibilitat\/","og_site_name":"Integralia","article_modified_time":"2023-02-20T13:37:41+00:00","og_image":[{"url":"https:\/\/integralia.cat\/wp-content\/uploads\/2023\/02\/legal-150x150.png"}],"twitter_card":"summary_large_image","twitter_misc":{"Temps estimat de lectura":"1 minut"},"schema":{"@context":"https:\/\/schema.org","@graph":[{"@type":"WebPage","@id":"https:\/\/integralia.cat\/ca\/declaracio-daccessibilitat\/","url":"https:\/\/integralia.cat\/ca\/declaracio-daccessibilitat\/","name":"Av\u00eds legal","isPartOf":{"@id":"https:\/\/integralia.cat\/ca\/#website"},"datePublished":"2023-02-15T13:54:42+00:00","dateModified":"2023-02-20T13:37:41+00:00","description":"Av\u00eds legal del lloc web integralia.cat. Empresa de reformes de cuines i banys, instal\u00b7lacions v\u00e0ries i plaques solars","breadcrumb":{"@id":"https:\/\/integralia.cat\/ca\/declaracio-daccessibilitat\/#breadcrumb"},"inLanguage":"ca","potentialAction":[{"@type":"ReadAction","target":["https:\/\/integralia.cat\/ca\/declaracio-daccessibilitat\/"]}]},{"@type":"BreadcrumbList","@id":"https:\/\/integralia.cat\/ca\/declaracio-daccessibilitat\/#breadcrumb","itemListElement":[{"@type":"ListItem","position":1,"name":"Portada","item":"https:\/\/integralia.cat\/ca\/"},{"@type":"ListItem","position":2,"name":"Declaraci\u00f3 d&#8217;accessibilitat"}]},{"@type":"WebSite","@id":"https:\/\/integralia.cat\/ca\/#website","url":"https:\/\/integralia.cat\/ca\/","name":"Integralia","description":"","publisher":{"@id":"https:\/\/integralia.cat\/ca\/#organization"},"alternateName":"Integralia","potentialAction":[{"@type":"SearchAction","target":{"@type":"EntryPoint","urlTemplate":"https:\/\/integralia.cat\/ca\/?s={search_term_string}"},"query-input":"required name=search_term_string"}],"inLanguage":"ca"},{"@type":"Organization","@id":"https:\/\/integralia.cat\/ca\/#organization","name":"Integralia","alternateName":"Integralia","url":"https:\/\/integralia.cat\/ca\/","logo":{"@type":"ImageObject","inLanguage":"ca","@id":"https:\/\/integralia.cat\/ca\/#\/schema\/logo\/image\/","url":"https:\/\/integralia.cat\/wp-content\/uploads\/2023\/02\/logo3.png","contentUrl":"https:\/\/integralia.cat\/wp-content\/uploads\/2023\/02\/logo3.png","width":285,"height":113,"caption":"Integralia"},"image":{"@id":"https:\/\/integralia.cat\/ca\/#\/schema\/logo\/image\/"}}]}},"_links":{"self":[{"href":"https:\/\/integralia.cat\/ca\/wp-json\/wp\/v2\/pages\/1204"}],"collection":[{"href":"https:\/\/integralia.cat\/ca\/wp-json\/wp\/v2\/pages"}],"about":[{"href":"https:\/\/integralia.cat\/ca\/wp-json\/wp\/v2\/types\/page"}],"author":[{"embeddable":true,"href":"https:\/\/integralia.cat\/ca\/wp-json\/wp\/v2\/users\/1"}],"replies":[{"embeddable":true,"href":"https:\/\/integralia.cat\/ca\/wp-json\/wp\/v2\/comments?post=1204"}],"version-history":[{"count":4,"href":"https:\/\/integralia.cat\/ca\/wp-json\/wp\/v2\/pages\/1204\/revisions"}],"predecessor-version":[{"id":1396,"href":"https:\/\/integralia.cat\/ca\/wp-json\/wp\/v2\/pages\/1204\/revisions\/1396"}],"wp:attachment":[{"href":"https:\/\/integralia.cat\/ca\/wp-json\/wp\/v2\/media?parent=1204"}],"curies":[{"name":"wp","href":"https:\/\/api.w.org\/{rel}","templated":true}]}}